{"id":118,"date":"2025-08-29T06:52:48","date_gmt":"2025-08-29T04:52:48","guid":{"rendered":"https:\/\/www.tebiasesores.com\/?page_id=118"},"modified":"2025-09-02T17:26:59","modified_gmt":"2025-09-02T15:26:59","slug":"metodologia","status":"publish","type":"page","link":"https:\/\/www.tebiasesores.com\/ca\/metodologia\/","title":{"rendered":"Metodologia"},"content":{"rendered":"\t\t<div data-elementor-type=\"wp-page\" data-elementor-id=\"118\" class=\"elementor elementor-118 elementor-24\" data-elementor-post-type=\"page\">\n\t\t\t\t<div class=\"elementor-element elementor-element-1ced928 e-flex e-con-boxed e-con e-parent\" data-id=\"1ced928\" data-element_type=\"container\">\n\t\t\t\t\t<div class=\"e-con-inner\">\n\t\t<div class=\"elementor-element elementor-element-263890c e-con-full e-flex e-con e-child\" data-id=\"263890c\" data-element_type=\"container\">\n\t\t\t\t<div class=\"elementor-element elementor-element-9b27a74 elementor-widget elementor-widget-heading\" data-id=\"9b27a74\" data-element_type=\"widget\" data-widget_type=\"heading.default\">\n\t\t\t\t\t<h1 class=\"elementor-heading-title elementor-size-default\">Com duem a terme la comptabilitat de costos?<\/h1>\t\t\t\t<\/div>\n\t\t\t\t<div class=\"elementor-element elementor-element-dfe77ec elementor-widget elementor-widget-text-editor\" data-id=\"dfe77ec\" data-element_type=\"widget\" data-widget_type=\"text-editor.default\">\n\t\t\t\t\t\t\t\t\t<p data-start=\"64\" data-end=\"488\">Per implementar un sistema de comptabilitat de costos de manera efica\u00e7, cal contemplar totes les fases del proc\u00e9s: des de la definici\u00f3 i l&#8217;estructuraci\u00f3 dels procediments fins a l&#8217;elaboraci\u00f3 d&#8217;informes detallats. Cada etapa compleix un paper essencial en la millora continuada de la gesti\u00f3 empresarial i en l&#8217;optimitzaci\u00f3 de la presa de decisions.<\/p>\t\t\t\t\t\t\t\t<\/div>\n\t\t\t\t<\/div>\n\t\t<div class=\"elementor-element elementor-element-b1638fe e-con-full e-flex e-con e-child\" data-id=\"b1638fe\" data-element_type=\"container\">\n\t\t\t\t<div class=\"elementor-element elementor-element-490b044 elementor-widget elementor-widget-image\" data-id=\"490b044\" data-element_type=\"widget\" data-widget_type=\"image.default\">\n\t\t\t\t\t\t\t\t\t\t\t\t\t\t\t<img fetchpriority=\"high\" decoding=\"async\" width=\"1000\" height=\"732\" src=\"https:\/\/www.tebiasesores.com\/wp-content\/uploads\/2025\/09\/img-meto-1.png\" class=\"attachment-large size-large wp-image-117\" alt=\"\" srcset=\"https:\/\/www.tebiasesores.com\/wp-content\/uploads\/2025\/09\/img-meto-1.png 1000w, https:\/\/www.tebiasesores.com\/wp-content\/uploads\/2025\/09\/img-meto-1-768x562.png 768w\" sizes=\"(max-width: 1000px) 100vw, 1000px\" \/>\t\t\t\t\t\t\t\t\t\t\t\t\t\t\t<\/div>\n\t\t\t\t<\/div>\n\t\t\t\t\t<\/div>\n\t\t\t\t<\/div>\n\t\t<div class=\"elementor-element elementor-element-af7dc59 e-grid e-con-boxed e-con e-parent\" data-id=\"af7dc59\" data-element_type=\"container\" data-settings=\"{&quot;background_background&quot;:&quot;gradient&quot;}\">\n\t\t\t\t\t<div class=\"e-con-inner\">\n\t\t\t\t<div class=\"elementor-element elementor-element-9094240 elementor-view-framed elementor-shape-circle elementor-position-top elementor-mobile-position-top elementor-widget elementor-widget-icon-box\" data-id=\"9094240\" data-element_type=\"widget\" data-widget_type=\"icon-box.default\">\n\t\t\t\t\t\t\t<div class=\"elementor-icon-box-wrapper\">\n\n\t\t\t\t\t\t<div class=\"elementor-icon-box-icon\">\n\t\t\t\t<span  class=\"elementor-icon\">\n\t\t\t\t<svg aria-hidden=\"true\" class=\"e-font-icon-svg e-fas-info\" viewBox=\"0 0 192 512\" xmlns=\"http:\/\/www.w3.org\/2000\/svg\"><path d=\"M20 424.229h20V279.771H20c-11.046 0-20-8.954-20-20V212c0-11.046 8.954-20 20-20h112c11.046 0 20 8.954 20 20v212.229h20c11.046 0 20 8.954 20 20V492c0 11.046-8.954 20-20 20H20c-11.046 0-20-8.954-20-20v-47.771c0-11.046 8.954-20 20-20zM96 0C56.235 0 24 32.235 24 72s32.235 72 72 72 72-32.235 72-72S135.764 0 96 0z\"><\/path><\/svg>\t\t\t\t<\/span>\n\t\t\t<\/div>\n\t\t\t\n\t\t\t\t\t\t<div class=\"elementor-icon-box-content\">\n\n\t\t\t\t\t\t\t\t\t<h3 class=\"elementor-icon-box-title\">\n\t\t\t\t\t\t<span  >\n\t\t\t\t\t\t\tRecull de la informaci\u00f3\t\t\t\t\t\t<\/span>\n\t\t\t\t\t<\/h3>\n\t\t\t\t\n\t\t\t\t\t\t\t\t\t<p class=\"elementor-icon-box-description\">\n\t\t\t\t\t\tEl primer pas per aplicar la comptabilitat de costos en una empresa consisteix a reunir tota la informaci\u00f3 rellevant relacionada amb els costos: materials, m\u00e0 dobra, despeses generals i altres costos operatius. Per optimitzar aquest proc\u00e9s, \u00e9s aconsellable fer servir un programari de gesti\u00f3 empresarial que permeti centralitzar i organitzar les dades de forma eficient, facilitant aix\u00ed el desenvolupament de la comptabilitat de costos.\t\t\t\t\t<\/p>\n\t\t\t\t\n\t\t\t<\/div>\n\t\t\t\n\t\t<\/div>\n\t\t\t\t\t\t<\/div>\n\t\t\t\t<div class=\"elementor-element elementor-element-0db914a elementor-view-framed elementor-shape-circle elementor-position-top elementor-mobile-position-top elementor-widget elementor-widget-icon-box\" data-id=\"0db914a\" data-element_type=\"widget\" data-widget_type=\"icon-box.default\">\n\t\t\t\t\t\t\t<div class=\"elementor-icon-box-wrapper\">\n\n\t\t\t\t\t\t<div class=\"elementor-icon-box-icon\">\n\t\t\t\t<span  class=\"elementor-icon\">\n\t\t\t\t<svg aria-hidden=\"true\" class=\"e-font-icon-svg e-fas-drafting-compass\" viewBox=\"0 0 512 512\" xmlns=\"http:\/\/www.w3.org\/2000\/svg\"><path d=\"M457.01 344.42c-25.05 20.33-52.63 37.18-82.54 49.05l54.38 94.19 53.95 23.04c9.81 4.19 20.89-2.21 22.17-12.8l7.02-58.25-54.98-95.23zm42.49-94.56c4.86-7.67 1.89-17.99-6.05-22.39l-28.07-15.57c-7.48-4.15-16.61-1.46-21.26 5.72C403.01 281.15 332.25 320 256 320c-23.93 0-47.23-4.25-69.41-11.53l67.36-116.68c.7.02 1.34.21 2.04.21s1.35-.19 2.04-.21l51.09 88.5c31.23-8.96 59.56-25.75 82.61-48.92l-51.79-89.71C347.39 128.03 352 112.63 352 96c0-53.02-42.98-96-96-96s-96 42.98-96 96c0 16.63 4.61 32.03 12.05 45.66l-68.3 118.31c-12.55-11.61-23.96-24.59-33.68-39-4.79-7.1-13.97-9.62-21.38-5.33l-27.75 16.07c-7.85 4.54-10.63 14.9-5.64 22.47 15.57 23.64 34.69 44.21 55.98 62.02L0 439.66l7.02 58.25c1.28 10.59 12.36 16.99 22.17 12.8l53.95-23.04 70.8-122.63C186.13 377.28 220.62 384 256 384c99.05 0 190.88-51.01 243.5-134.14zM256 64c17.67 0 32 14.33 32 32s-14.33 32-32 32-32-14.33-32-32 14.33-32 32-32z\"><\/path><\/svg>\t\t\t\t<\/span>\n\t\t\t<\/div>\n\t\t\t\n\t\t\t\t\t\t<div class=\"elementor-icon-box-content\">\n\n\t\t\t\t\t\t\t\t\t<h3 class=\"elementor-icon-box-title\">\n\t\t\t\t\t\t<span  >\n\t\t\t\t\t\t\tDisseny del sistema de comptabilitat de costos\t\t\t\t\t\t<\/span>\n\t\t\t\t\t<\/h3>\n\t\t\t\t\n\t\t\t\t\t\t\t\t\t<p class=\"elementor-icon-box-description\">\n\t\t\t\t\t\tDespr\u00e9s de la recopilaci\u00f3 de la informaci\u00f3, el pas seg\u00fcent \u00e9s dissenyar el sistema de comptabilitat de costos. En aquesta etapa s'identifiquen i es classifiquen els centres de costos a primaris i secundaris. Els centres primaris estan vinculats directament amb la producci\u00f3 del b\u00e9 final o la prestaci\u00f3 del servei, mentre que els centres secundaris desenvolupen funcions de suport que donen suport a l'activitat principal de l'empresa.\t\t\t\t\t<\/p>\n\t\t\t\t\n\t\t\t<\/div>\n\t\t\t\n\t\t<\/div>\n\t\t\t\t\t\t<\/div>\n\t\t\t\t<div class=\"elementor-element elementor-element-2744a1a elementor-view-framed elementor-shape-circle elementor-position-top elementor-mobile-position-top elementor-widget elementor-widget-icon-box\" data-id=\"2744a1a\" data-element_type=\"widget\" data-widget_type=\"icon-box.default\">\n\t\t\t\t\t\t\t<div class=\"elementor-icon-box-wrapper\">\n\n\t\t\t\t\t\t<div class=\"elementor-icon-box-icon\">\n\t\t\t\t<span  class=\"elementor-icon\">\n\t\t\t\t<svg aria-hidden=\"true\" class=\"e-font-icon-svg e-fas-bullseye\" viewBox=\"0 0 496 512\" xmlns=\"http:\/\/www.w3.org\/2000\/svg\"><path d=\"M248 8C111.03 8 0 119.03 0 256s111.03 248 248 248 248-111.03 248-248S384.97 8 248 8zm0 432c-101.69 0-184-82.29-184-184 0-101.69 82.29-184 184-184 101.69 0 184 82.29 184 184 0 101.69-82.29 184-184 184zm0-312c-70.69 0-128 57.31-128 128s57.31 128 128 128 128-57.31 128-128-57.31-128-128-128zm0 192c-35.29 0-64-28.71-64-64s28.71-64 64-64 64 28.71 64 64-28.71 64-64 64z\"><\/path><\/svg>\t\t\t\t<\/span>\n\t\t\t<\/div>\n\t\t\t\n\t\t\t\t\t\t<div class=\"elementor-icon-box-content\">\n\n\t\t\t\t\t\t\t\t\t<h3 class=\"elementor-icon-box-title\">\n\t\t\t\t\t\t<span  >\n\t\t\t\t\t\t\tImplementaci\u00f3 del sistema de comptabilitat de costos\t\t\t\t\t\t<\/span>\n\t\t\t\t\t<\/h3>\n\t\t\t\t\n\t\t\t\t\t\t\t\t\t<p class=\"elementor-icon-box-description\">\n\t\t\t\t\t\tUn cop dissenyat el sistema, el pas seg\u00fcent \u00e9s la seva implementaci\u00f3. Aquesta fase consisteix a posar en pr\u00e0ctica el model establert, garantint que tots els centres de costos estiguin correctament identificats i classificats, aix\u00ed com a definir procediments precisos per a la recopilaci\u00f3, registre i an\u00e0lisi dels costos a cada centre.\t\t\t\t\t<\/p>\n\t\t\t\t\n\t\t\t<\/div>\n\t\t\t\n\t\t<\/div>\n\t\t\t\t\t\t<\/div>\n\t\t\t\t<div class=\"elementor-element elementor-element-9115d68 elementor-view-framed elementor-shape-circle elementor-position-top elementor-mobile-position-top elementor-widget elementor-widget-icon-box\" data-id=\"9115d68\" data-element_type=\"widget\" data-widget_type=\"icon-box.default\">\n\t\t\t\t\t\t\t<div class=\"elementor-icon-box-wrapper\">\n\n\t\t\t\t\t\t<div class=\"elementor-icon-box-icon\">\n\t\t\t\t<span  class=\"elementor-icon\">\n\t\t\t\t<svg aria-hidden=\"true\" class=\"e-font-icon-svg e-far-comments\" viewBox=\"0 0 576 512\" xmlns=\"http:\/\/www.w3.org\/2000\/svg\"><path d=\"M532 386.2c27.5-27.1 44-61.1 44-98.2 0-80-76.5-146.1-176.2-157.9C368.3 72.5 294.3 32 208 32 93.1 32 0 103.6 0 192c0 37 16.5 71 44 98.2-15.3 30.7-37.3 54.5-37.7 54.9-6.3 6.7-8.1 16.5-4.4 25 3.6 8.5 12 14 21.2 14 53.5 0 96.7-20.2 125.2-38.8 9.2 2.1 18.7 3.7 28.4 4.9C208.1 407.6 281.8 448 368 448c20.8 0 40.8-2.4 59.8-6.8C456.3 459.7 499.4 480 553 480c9.2 0 17.5-5.5 21.2-14 3.6-8.5 1.9-18.3-4.4-25-.4-.3-22.5-24.1-37.8-54.8zm-392.8-92.3L122.1 305c-14.1 9.1-28.5 16.3-43.1 21.4 2.7-4.7 5.4-9.7 8-14.8l15.5-31.1L77.7 256C64.2 242.6 48 220.7 48 192c0-60.7 73.3-112 160-112s160 51.3 160 112-73.3 112-160 112c-16.5 0-33-1.9-49-5.6l-19.8-4.5zM498.3 352l-24.7 24.4 15.5 31.1c2.6 5.1 5.3 10.1 8 14.8-14.6-5.1-29-12.3-43.1-21.4l-17.1-11.1-19.9 4.6c-16 3.7-32.5 5.6-49 5.6-54 0-102.2-20.1-131.3-49.7C338 339.5 416 272.9 416 192c0-3.4-.4-6.7-.7-10C479.7 196.5 528 238.8 528 288c0 28.7-16.2 50.6-29.7 64z\"><\/path><\/svg>\t\t\t\t<\/span>\n\t\t\t<\/div>\n\t\t\t\n\t\t\t\t\t\t<div class=\"elementor-icon-box-content\">\n\n\t\t\t\t\t\t\t\t\t<h3 class=\"elementor-icon-box-title\">\n\t\t\t\t\t\t<span  >\n\t\t\t\t\t\t\tComunicaci\u00f3 i seguiment\t\t\t\t\t\t<\/span>\n\t\t\t\t\t<\/h3>\n\t\t\t\t\n\t\t\t\t\t\t\t\t\t<p class=\"elementor-icon-box-description\">\n\t\t\t\t\t\t\u00c9s fonamental comptar amb canals de comunicaci\u00f3 efica\u00e7os. A Contamar, presentem de forma peri\u00f2dica la informaci\u00f3 recopilada als responsables de cada \u00e0rea i duem a terme un seguiment constant del sistema de comptabilitat de costos, per tal de garantir-ne l'efectivitat i aplicar els ajustaments necessaris en cada moment.\t\t\t\t\t<\/p>\n\t\t\t\t\n\t\t\t<\/div>\n\t\t\t\n\t\t<\/div>\n\t\t\t\t\t\t<\/div>\n\t\t\t\t\t<\/div>\n\t\t\t\t<\/div>\n\t\t\t\t<\/div>\n\t\t","protected":false},"excerpt":{"rendered":"<p>Com duem a terme la comptabilitat de costos? Per implementar un sistema de comptabilitat de costos de manera efica\u00e7, cal contemplar totes les fases del proc\u00e9s: des de la definici\u00f3 i l&#8217;estructuraci\u00f3 dels procediments fins a l&#8217;elaboraci\u00f3 d&#8217;informes detallats. Cada etapa compleix un paper essencial en la millora continuada de la gesti\u00f3 empresarial i en [&hellip;]<\/p>\n","protected":false},"author":1,"featured_media":0,"parent":0,"menu_order":0,"comment_status":"closed","ping_status":"closed","template":"","meta":{"footnotes":""},"class_list":["post-118","page","type-page","status-publish","hentry"],"yoast_head":"<!-- This site is optimized with the Yoast SEO plugin v25.8 - https:\/\/yoast.com\/wordpress\/plugins\/seo\/ -->\n<title>Metodologia - Tebi Asesores<\/title>\n<meta name=\"robots\" content=\"index, follow, max-snippet:-1, max-image-preview:large, max-video-preview:-1\" \/>\n<link rel=\"canonical\" href=\"https:\/\/www.tebiasesores.com\/ca\/metodologia\/\" \/>\n<meta property=\"og:locale\" content=\"ca_ES\" \/>\n<meta property=\"og:type\" content=\"article\" \/>\n<meta property=\"og:title\" content=\"Metodologia - Tebi Asesores\" \/>\n<meta property=\"og:description\" content=\"Com duem a terme la comptabilitat de costos? Per implementar un sistema de comptabilitat de costos de manera efica\u00e7, cal contemplar totes les fases del proc\u00e9s: des de la definici\u00f3 i l&#8217;estructuraci\u00f3 dels procediments fins a l&#8217;elaboraci\u00f3 d&#8217;informes detallats. Cada etapa compleix un paper essencial en la millora continuada de la gesti\u00f3 empresarial i en [&hellip;]\" \/>\n<meta property=\"og:url\" content=\"https:\/\/www.tebiasesores.com\/ca\/metodologia\/\" \/>\n<meta property=\"og:site_name\" content=\"Tebi Asesores\" \/>\n<meta property=\"article:modified_time\" content=\"2025-09-02T15:26:59+00:00\" \/>\n<meta property=\"og:image\" content=\"https:\/\/www.tebiasesores.com\/wp-content\/uploads\/2025\/09\/img-meto-1.png\" \/>\n\t<meta property=\"og:image:width\" content=\"1000\" \/>\n\t<meta property=\"og:image:height\" content=\"732\" \/>\n\t<meta property=\"og:image:type\" content=\"image\/png\" \/>\n<meta name=\"twitter:card\" content=\"summary_large_image\" \/>\n<meta name=\"twitter:label1\" content=\"Temps estimat de lectura\" \/>\n\t<meta name=\"twitter:data1\" content=\"2 minuts\" \/>\n<script type=\"application\/ld+json\" class=\"yoast-schema-graph\">{\"@context\":\"https:\/\/schema.org\",\"@graph\":[{\"@type\":\"WebPage\",\"@id\":\"https:\/\/www.tebiasesores.com\/ca\/metodologia\/\",\"url\":\"https:\/\/www.tebiasesores.com\/ca\/metodologia\/\",\"name\":\"Metodologia - Tebi Asesores\",\"isPartOf\":{\"@id\":\"https:\/\/www.tebiasesores.com\/ca\/#website\"},\"primaryImageOfPage\":{\"@id\":\"https:\/\/www.tebiasesores.com\/ca\/metodologia\/#primaryimage\"},\"image\":{\"@id\":\"https:\/\/www.tebiasesores.com\/ca\/metodologia\/#primaryimage\"},\"thumbnailUrl\":\"https:\/\/www.tebiasesores.com\/wp-content\/uploads\/2025\/09\/img-meto-1.png\",\"datePublished\":\"2025-08-29T04:52:48+00:00\",\"dateModified\":\"2025-09-02T15:26:59+00:00\",\"breadcrumb\":{\"@id\":\"https:\/\/www.tebiasesores.com\/ca\/metodologia\/#breadcrumb\"},\"inLanguage\":\"ca\",\"potentialAction\":[{\"@type\":\"ReadAction\",\"target\":[\"https:\/\/www.tebiasesores.com\/ca\/metodologia\/\"]}]},{\"@type\":\"ImageObject\",\"inLanguage\":\"ca\",\"@id\":\"https:\/\/www.tebiasesores.com\/ca\/metodologia\/#primaryimage\",\"url\":\"https:\/\/www.tebiasesores.com\/wp-content\/uploads\/2025\/09\/img-meto-1.png\",\"contentUrl\":\"https:\/\/www.tebiasesores.com\/wp-content\/uploads\/2025\/09\/img-meto-1.png\"},{\"@type\":\"BreadcrumbList\",\"@id\":\"https:\/\/www.tebiasesores.com\/ca\/metodologia\/#breadcrumb\",\"itemListElement\":[{\"@type\":\"ListItem\",\"position\":1,\"name\":\"Portada\",\"item\":\"https:\/\/www.tebiasesores.com\/ca\/\"},{\"@type\":\"ListItem\",\"position\":2,\"name\":\"Metodologia\"}]},{\"@type\":\"WebSite\",\"@id\":\"https:\/\/www.tebiasesores.com\/ca\/#website\",\"url\":\"https:\/\/www.tebiasesores.com\/ca\/\",\"name\":\"Tebi Asesores\",\"description\":\"Contabilidad de costes y anal\u00edtica\",\"potentialAction\":[{\"@type\":\"SearchAction\",\"target\":{\"@type\":\"EntryPoint\",\"urlTemplate\":\"https:\/\/www.tebiasesores.com\/ca\/?s={search_term_string}\"},\"query-input\":{\"@type\":\"PropertyValueSpecification\",\"valueRequired\":true,\"valueName\":\"search_term_string\"}}],\"inLanguage\":\"ca\"}]}<\/script>\n<!-- \/ Yoast SEO plugin. -->","yoast_head_json":{"title":"Metodologia - Tebi Asesores","robots":{"index":"index","follow":"follow","max-snippet":"max-snippet:-1","max-image-preview":"max-image-preview:large","max-video-preview":"max-video-preview:-1"},"canonical":"https:\/\/www.tebiasesores.com\/ca\/metodologia\/","og_locale":"ca_ES","og_type":"article","og_title":"Metodologia - Tebi Asesores","og_description":"Com duem a terme la comptabilitat de costos? Per implementar un sistema de comptabilitat de costos de manera efica\u00e7, cal contemplar totes les fases del proc\u00e9s: des de la definici\u00f3 i l&#8217;estructuraci\u00f3 dels procediments fins a l&#8217;elaboraci\u00f3 d&#8217;informes detallats. Cada etapa compleix un paper essencial en la millora continuada de la gesti\u00f3 empresarial i en [&hellip;]","og_url":"https:\/\/www.tebiasesores.com\/ca\/metodologia\/","og_site_name":"Tebi Asesores","article_modified_time":"2025-09-02T15:26:59+00:00","og_image":[{"width":1000,"height":732,"url":"https:\/\/www.tebiasesores.com\/wp-content\/uploads\/2025\/09\/img-meto-1.png","type":"image\/png"}],"twitter_card":"summary_large_image","twitter_misc":{"Temps estimat de lectura":"2 minuts"},"schema":{"@context":"https:\/\/schema.org","@graph":[{"@type":"WebPage","@id":"https:\/\/www.tebiasesores.com\/ca\/metodologia\/","url":"https:\/\/www.tebiasesores.com\/ca\/metodologia\/","name":"Metodologia - Tebi Asesores","isPartOf":{"@id":"https:\/\/www.tebiasesores.com\/ca\/#website"},"primaryImageOfPage":{"@id":"https:\/\/www.tebiasesores.com\/ca\/metodologia\/#primaryimage"},"image":{"@id":"https:\/\/www.tebiasesores.com\/ca\/metodologia\/#primaryimage"},"thumbnailUrl":"https:\/\/www.tebiasesores.com\/wp-content\/uploads\/2025\/09\/img-meto-1.png","datePublished":"2025-08-29T04:52:48+00:00","dateModified":"2025-09-02T15:26:59+00:00","breadcrumb":{"@id":"https:\/\/www.tebiasesores.com\/ca\/metodologia\/#breadcrumb"},"inLanguage":"ca","potentialAction":[{"@type":"ReadAction","target":["https:\/\/www.tebiasesores.com\/ca\/metodologia\/"]}]},{"@type":"ImageObject","inLanguage":"ca","@id":"https:\/\/www.tebiasesores.com\/ca\/metodologia\/#primaryimage","url":"https:\/\/www.tebiasesores.com\/wp-content\/uploads\/2025\/09\/img-meto-1.png","contentUrl":"https:\/\/www.tebiasesores.com\/wp-content\/uploads\/2025\/09\/img-meto-1.png"},{"@type":"BreadcrumbList","@id":"https:\/\/www.tebiasesores.com\/ca\/metodologia\/#breadcrumb","itemListElement":[{"@type":"ListItem","position":1,"name":"Portada","item":"https:\/\/www.tebiasesores.com\/ca\/"},{"@type":"ListItem","position":2,"name":"Metodologia"}]},{"@type":"WebSite","@id":"https:\/\/www.tebiasesores.com\/ca\/#website","url":"https:\/\/www.tebiasesores.com\/ca\/","name":"Tebi Asesores","description":"Contabilidad de costes y anal\u00edtica","potentialAction":[{"@type":"SearchAction","target":{"@type":"EntryPoint","urlTemplate":"https:\/\/www.tebiasesores.com\/ca\/?s={search_term_string}"},"query-input":{"@type":"PropertyValueSpecification","valueRequired":true,"valueName":"search_term_string"}}],"inLanguage":"ca"}]}},"_links":{"self":[{"href":"https:\/\/www.tebiasesores.com\/ca\/wp-json\/wp\/v2\/pages\/118","targetHints":{"allow":["GET"]}}],"collection":[{"href":"https:\/\/www.tebiasesores.com\/ca\/wp-json\/wp\/v2\/pages"}],"about":[{"href":"https:\/\/www.tebiasesores.com\/ca\/wp-json\/wp\/v2\/types\/page"}],"author":[{"embeddable":true,"href":"https:\/\/www.tebiasesores.com\/ca\/wp-json\/wp\/v2\/users\/1"}],"replies":[{"embeddable":true,"href":"https:\/\/www.tebiasesores.com\/ca\/wp-json\/wp\/v2\/comments?post=118"}],"version-history":[{"count":4,"href":"https:\/\/www.tebiasesores.com\/ca\/wp-json\/wp\/v2\/pages\/118\/revisions"}],"predecessor-version":[{"id":142,"href":"https:\/\/www.tebiasesores.com\/ca\/wp-json\/wp\/v2\/pages\/118\/revisions\/142"}],"wp:attachment":[{"href":"https:\/\/www.tebiasesores.com\/ca\/wp-json\/wp\/v2\/media?parent=118"}],"curies":[{"name":"wp","href":"https:\/\/api.w.org\/{rel}","templated":true}]}}