{"id":115,"date":"2025-08-29T06:46:39","date_gmt":"2025-08-29T04:46:39","guid":{"rendered":"https:\/\/www.tebiasesores.com\/?page_id=115"},"modified":"2025-09-02T17:25:56","modified_gmt":"2025-09-02T15:25:56","slug":"inici","status":"publish","type":"page","link":"https:\/\/www.tebiasesores.com\/ca\/","title":{"rendered":"Inici"},"content":{"rendered":"\t\t<div data-elementor-type=\"wp-page\" data-elementor-id=\"115\" class=\"elementor elementor-115 elementor-9\" data-elementor-post-type=\"page\">\n\t\t\t\t<div class=\"elementor-element elementor-element-aea2e55 e-flex e-con-boxed e-con e-parent\" data-id=\"aea2e55\" data-element_type=\"container\">\n\t\t\t\t\t<div class=\"e-con-inner\">\n\t\t<div class=\"elementor-element elementor-element-61a6434 e-con-full e-flex e-con e-child\" data-id=\"61a6434\" data-element_type=\"container\">\n\t\t\t\t<div class=\"elementor-element elementor-element-6ae8b76 elementor-widget elementor-widget-heading\" data-id=\"6ae8b76\" data-element_type=\"widget\" data-widget_type=\"heading.default\">\n\t\t\t\t\t<h2 class=\"elementor-heading-title elementor-size-default\"><a href=\"https:\/\/www.tebiasesores.com\/ca\/comptabilitat-de-costos\/\">Comptabilitat\nde costos<\/a><\/h2>\t\t\t\t<\/div>\n\t\t\t\t<div class=\"elementor-element elementor-element-4089a11 elementor-widget elementor-widget-text-editor\" data-id=\"4089a11\" data-element_type=\"widget\" data-widget_type=\"text-editor.default\">\n\t\t\t\t\t\t\t\t\t<p data-start=\"56\" data-end=\"120\">Fins a quin punt la comptabilitat de costos pot ser tan transcendental com la comptabilitat financera en la gesti\u00f3 empresarial, fins i tot sense una normativa definida?<\/p>\t\t\t\t\t\t\t\t<\/div>\n\t\t\t\t<\/div>\n\t\t<div class=\"elementor-element elementor-element-c0cb9ec e-con-full e-flex e-con e-child\" data-id=\"c0cb9ec\" data-element_type=\"container\">\n\t\t\t\t<div class=\"elementor-element elementor-element-489da4d elementor-widget elementor-widget-image\" data-id=\"489da4d\" data-element_type=\"widget\" data-widget_type=\"image.default\">\n\t\t\t\t\t\t\t\t\t\t\t\t\t\t\t<img fetchpriority=\"high\" decoding=\"async\" width=\"1000\" height=\"732\" src=\"https:\/\/www.tebiasesores.com\/wp-content\/uploads\/2025\/09\/img-home.png\" class=\"attachment-large size-large wp-image-109\" alt=\"\" srcset=\"https:\/\/www.tebiasesores.com\/wp-content\/uploads\/2025\/09\/img-home.png 1000w, https:\/\/www.tebiasesores.com\/wp-content\/uploads\/2025\/09\/img-home-768x562.png 768w\" sizes=\"(max-width: 1000px) 100vw, 1000px\" \/>\t\t\t\t\t\t\t\t\t\t\t\t\t\t\t<\/div>\n\t\t\t\t<\/div>\n\t\t\t\t\t<\/div>\n\t\t\t\t<\/div>\n\t\t<div class=\"elementor-element elementor-element-81a6dc3 e-flex e-con-boxed e-con e-parent\" data-id=\"81a6dc3\" data-element_type=\"container\">\n\t\t\t\t\t<div class=\"e-con-inner\">\n\t\t\t\t<div class=\"elementor-element elementor-element-fc18706 elementor-widget elementor-widget-text-editor\" data-id=\"fc18706\" data-element_type=\"widget\" data-widget_type=\"text-editor.default\">\n\t\t\t\t\t\t\t\t\t<p>La comptabilitat de costos, malgrat no ser obligat\u00f2ria ni estar regulada de manera espec\u00edfica, t\u00e9 un paper essencial en la presa de decisions empresarials.<\/p><p>Sovint s&#8217;associa, de manera err\u00f2nia, \u00fanicament a companyies industrials; tanmateix, el seu valor assoleix qualsevol tipus d&#8217;organitzaci\u00f3, aportant una visi\u00f3 que va molt m\u00e9s enll\u00e0 del mer control de despeses.<\/p>\t\t\t\t\t\t\t\t<\/div>\n\t\t\t\t<div class=\"elementor-element elementor-element-52c34bf elementor-widget elementor-widget-button\" data-id=\"52c34bf\" data-element_type=\"widget\" data-widget_type=\"button.default\">\n\t\t\t\t\t\t\t\t\t\t<a class=\"elementor-button elementor-button-link elementor-size-sm\" href=\"https:\/\/www.tebiasesores.com\/ca\/metodologia\/\">\n\t\t\t\t\t\t<span class=\"elementor-button-content-wrapper\">\n\t\t\t\t\t\t\t\t\t<span class=\"elementor-button-text\">Descobreix com et podem ajudar<\/span>\n\t\t\t\t\t<\/span>\n\t\t\t\t\t<\/a>\n\t\t\t\t\t\t\t\t<\/div>\n\t\t\t\t\t<\/div>\n\t\t\t\t<\/div>\n\t\t\t\t<\/div>\n\t\t","protected":false},"excerpt":{"rendered":"<p>Comptabilitat de costos Fins a quin punt la comptabilitat de costos pot ser tan transcendental com la comptabilitat financera en la gesti\u00f3 empresarial, fins i tot sense una normativa definida? La comptabilitat de costos, malgrat no ser obligat\u00f2ria ni estar regulada de manera espec\u00edfica, t\u00e9 un paper essencial en la presa de decisions empresarials. Sovint [&hellip;]<\/p>\n","protected":false},"author":1,"featured_media":0,"parent":0,"menu_order":0,"comment_status":"closed","ping_status":"closed","template":"","meta":{"footnotes":""},"class_list":["post-115","page","type-page","status-publish","hentry"],"yoast_head":"<!-- This site is optimized with the Yoast SEO plugin v25.8 - https:\/\/yoast.com\/wordpress\/plugins\/seo\/ -->\n<title>Inici - Tebi Asesores<\/title>\n<meta name=\"robots\" content=\"index, follow, max-snippet:-1, max-image-preview:large, max-video-preview:-1\" \/>\n<link rel=\"canonical\" href=\"https:\/\/www.tebiasesores.com\/ca\/\" \/>\n<meta property=\"og:locale\" content=\"ca_ES\" \/>\n<meta property=\"og:type\" content=\"article\" \/>\n<meta property=\"og:title\" content=\"Inici - Tebi Asesores\" \/>\n<meta property=\"og:description\" content=\"Comptabilitat de costos Fins a quin punt la comptabilitat de costos pot ser tan transcendental com la comptabilitat financera en la gesti\u00f3 empresarial, fins i tot sense una normativa definida? La comptabilitat de costos, malgrat no ser obligat\u00f2ria ni estar regulada de manera espec\u00edfica, t\u00e9 un paper essencial en la presa de decisions empresarials. Sovint [&hellip;]\" \/>\n<meta property=\"og:url\" content=\"https:\/\/www.tebiasesores.com\/ca\/\" \/>\n<meta property=\"og:site_name\" content=\"Tebi Asesores\" \/>\n<meta property=\"article:modified_time\" content=\"2025-09-02T15:25:56+00:00\" \/>\n<meta property=\"og:image\" content=\"https:\/\/www.tebiasesores.com\/wp-content\/uploads\/2025\/09\/img-home.png\" \/>\n\t<meta property=\"og:image:width\" content=\"1000\" \/>\n\t<meta property=\"og:image:height\" content=\"732\" \/>\n\t<meta property=\"og:image:type\" content=\"image\/png\" \/>\n<meta name=\"twitter:card\" content=\"summary_large_image\" \/>\n<script type=\"application\/ld+json\" class=\"yoast-schema-graph\">{\"@context\":\"https:\/\/schema.org\",\"@graph\":[{\"@type\":\"WebPage\",\"@id\":\"https:\/\/www.tebiasesores.com\/ca\/\",\"url\":\"https:\/\/www.tebiasesores.com\/ca\/\",\"name\":\"Inici - Tebi Asesores\",\"isPartOf\":{\"@id\":\"https:\/\/www.tebiasesores.com\/ca\/#website\"},\"primaryImageOfPage\":{\"@id\":\"https:\/\/www.tebiasesores.com\/ca\/#primaryimage\"},\"image\":{\"@id\":\"https:\/\/www.tebiasesores.com\/ca\/#primaryimage\"},\"thumbnailUrl\":\"https:\/\/www.tebiasesores.com\/wp-content\/uploads\/2025\/09\/img-home.png\",\"datePublished\":\"2025-08-29T04:46:39+00:00\",\"dateModified\":\"2025-09-02T15:25:56+00:00\",\"breadcrumb\":{\"@id\":\"https:\/\/www.tebiasesores.com\/ca\/#breadcrumb\"},\"inLanguage\":\"ca\",\"potentialAction\":[{\"@type\":\"ReadAction\",\"target\":[\"https:\/\/www.tebiasesores.com\/ca\/\"]}]},{\"@type\":\"ImageObject\",\"inLanguage\":\"ca\",\"@id\":\"https:\/\/www.tebiasesores.com\/ca\/#primaryimage\",\"url\":\"https:\/\/www.tebiasesores.com\/wp-content\/uploads\/2025\/09\/img-home.png\",\"contentUrl\":\"https:\/\/www.tebiasesores.com\/wp-content\/uploads\/2025\/09\/img-home.png\"},{\"@type\":\"BreadcrumbList\",\"@id\":\"https:\/\/www.tebiasesores.com\/ca\/#breadcrumb\",\"itemListElement\":[{\"@type\":\"ListItem\",\"position\":1,\"name\":\"Portada\",\"item\":\"https:\/\/www.tebiasesores.com\/ca\/\"},{\"@type\":\"ListItem\",\"position\":2,\"name\":\"Inici\"}]},{\"@type\":\"WebSite\",\"@id\":\"https:\/\/www.tebiasesores.com\/ca\/#website\",\"url\":\"https:\/\/www.tebiasesores.com\/ca\/\",\"name\":\"Tebi Asesores\",\"description\":\"Contabilidad de costes y anal\u00edtica\",\"potentialAction\":[{\"@type\":\"SearchAction\",\"target\":{\"@type\":\"EntryPoint\",\"urlTemplate\":\"https:\/\/www.tebiasesores.com\/ca\/?s={search_term_string}\"},\"query-input\":{\"@type\":\"PropertyValueSpecification\",\"valueRequired\":true,\"valueName\":\"search_term_string\"}}],\"inLanguage\":\"ca\"}]}<\/script>\n<!-- \/ Yoast SEO plugin. -->","yoast_head_json":{"title":"Inici - Tebi Asesores","robots":{"index":"index","follow":"follow","max-snippet":"max-snippet:-1","max-image-preview":"max-image-preview:large","max-video-preview":"max-video-preview:-1"},"canonical":"https:\/\/www.tebiasesores.com\/ca\/","og_locale":"ca_ES","og_type":"article","og_title":"Inici - Tebi Asesores","og_description":"Comptabilitat de costos Fins a quin punt la comptabilitat de costos pot ser tan transcendental com la comptabilitat financera en la gesti\u00f3 empresarial, fins i tot sense una normativa definida? La comptabilitat de costos, malgrat no ser obligat\u00f2ria ni estar regulada de manera espec\u00edfica, t\u00e9 un paper essencial en la presa de decisions empresarials. Sovint [&hellip;]","og_url":"https:\/\/www.tebiasesores.com\/ca\/","og_site_name":"Tebi Asesores","article_modified_time":"2025-09-02T15:25:56+00:00","og_image":[{"width":1000,"height":732,"url":"https:\/\/www.tebiasesores.com\/wp-content\/uploads\/2025\/09\/img-home.png","type":"image\/png"}],"twitter_card":"summary_large_image","schema":{"@context":"https:\/\/schema.org","@graph":[{"@type":"WebPage","@id":"https:\/\/www.tebiasesores.com\/ca\/","url":"https:\/\/www.tebiasesores.com\/ca\/","name":"Inici - Tebi Asesores","isPartOf":{"@id":"https:\/\/www.tebiasesores.com\/ca\/#website"},"primaryImageOfPage":{"@id":"https:\/\/www.tebiasesores.com\/ca\/#primaryimage"},"image":{"@id":"https:\/\/www.tebiasesores.com\/ca\/#primaryimage"},"thumbnailUrl":"https:\/\/www.tebiasesores.com\/wp-content\/uploads\/2025\/09\/img-home.png","datePublished":"2025-08-29T04:46:39+00:00","dateModified":"2025-09-02T15:25:56+00:00","breadcrumb":{"@id":"https:\/\/www.tebiasesores.com\/ca\/#breadcrumb"},"inLanguage":"ca","potentialAction":[{"@type":"ReadAction","target":["https:\/\/www.tebiasesores.com\/ca\/"]}]},{"@type":"ImageObject","inLanguage":"ca","@id":"https:\/\/www.tebiasesores.com\/ca\/#primaryimage","url":"https:\/\/www.tebiasesores.com\/wp-content\/uploads\/2025\/09\/img-home.png","contentUrl":"https:\/\/www.tebiasesores.com\/wp-content\/uploads\/2025\/09\/img-home.png"},{"@type":"BreadcrumbList","@id":"https:\/\/www.tebiasesores.com\/ca\/#breadcrumb","itemListElement":[{"@type":"ListItem","position":1,"name":"Portada","item":"https:\/\/www.tebiasesores.com\/ca\/"},{"@type":"ListItem","position":2,"name":"Inici"}]},{"@type":"WebSite","@id":"https:\/\/www.tebiasesores.com\/ca\/#website","url":"https:\/\/www.tebiasesores.com\/ca\/","name":"Tebi Asesores","description":"Contabilidad de costes y anal\u00edtica","potentialAction":[{"@type":"SearchAction","target":{"@type":"EntryPoint","urlTemplate":"https:\/\/www.tebiasesores.com\/ca\/?s={search_term_string}"},"query-input":{"@type":"PropertyValueSpecification","valueRequired":true,"valueName":"search_term_string"}}],"inLanguage":"ca"}]}},"_links":{"self":[{"href":"https:\/\/www.tebiasesores.com\/ca\/wp-json\/wp\/v2\/pages\/115","targetHints":{"allow":["GET"]}}],"collection":[{"href":"https:\/\/www.tebiasesores.com\/ca\/wp-json\/wp\/v2\/pages"}],"about":[{"href":"https:\/\/www.tebiasesores.com\/ca\/wp-json\/wp\/v2\/types\/page"}],"author":[{"embeddable":true,"href":"https:\/\/www.tebiasesores.com\/ca\/wp-json\/wp\/v2\/users\/1"}],"replies":[{"embeddable":true,"href":"https:\/\/www.tebiasesores.com\/ca\/wp-json\/wp\/v2\/comments?post=115"}],"version-history":[{"count":4,"href":"https:\/\/www.tebiasesores.com\/ca\/wp-json\/wp\/v2\/pages\/115\/revisions"}],"predecessor-version":[{"id":139,"href":"https:\/\/www.tebiasesores.com\/ca\/wp-json\/wp\/v2\/pages\/115\/revisions\/139"}],"wp:attachment":[{"href":"https:\/\/www.tebiasesores.com\/ca\/wp-json\/wp\/v2\/media?parent=115"}],"curies":[{"name":"wp","href":"https:\/\/api.w.org\/{rel}","templated":true}]}}