{"id":113,"date":"2025-08-29T06:51:06","date_gmt":"2025-08-29T04:51:06","guid":{"rendered":"https:\/\/www.tebiasesores.com\/?page_id=113"},"modified":"2025-09-02T17:25:21","modified_gmt":"2025-09-02T15:25:21","slug":"contacte","status":"publish","type":"page","link":"https:\/\/www.tebiasesores.com\/ca\/contacte\/","title":{"rendered":"Contacte"},"content":{"rendered":"\t\t<div data-elementor-type=\"wp-page\" data-elementor-id=\"113\" class=\"elementor elementor-113 elementor-22\" data-elementor-post-type=\"page\">\n\t\t\t\t<div class=\"elementor-element elementor-element-20aa53b e-flex e-con-boxed e-con e-parent\" data-id=\"20aa53b\" data-element_type=\"container\">\n\t\t\t\t\t<div class=\"e-con-inner\">\n\t\t\t\t<div class=\"elementor-element elementor-element-1782aca elementor-widget elementor-widget-heading\" data-id=\"1782aca\" data-element_type=\"widget\" data-widget_type=\"heading.default\">\n\t\t\t\t\t<h1 class=\"elementor-heading-title elementor-size-default\">Contacte<\/h1>\t\t\t\t<\/div>\n\t\t\t\t\t<\/div>\n\t\t\t\t<\/div>\n\t\t<div class=\"elementor-element elementor-element-d383649 e-flex e-con-boxed e-con e-parent\" data-id=\"d383649\" data-element_type=\"container\">\n\t\t\t\t\t<div class=\"e-con-inner\">\n\t\t<div class=\"elementor-element elementor-element-8c1f735 e-con-full e-flex e-con e-child\" data-id=\"8c1f735\" data-element_type=\"container\">\n\t\t\t\t<div class=\"elementor-element elementor-element-88d22e4 elementor-widget elementor-widget-text-editor\" data-id=\"88d22e4\" data-element_type=\"widget\" data-widget_type=\"text-editor.default\">\n\t\t\t\t\t\t\t\t\t<p data-start=\"56\" data-end=\"120\">Estem a la vostra disposici\u00f3 per aclarir totes les vostres consultes.<\/p>\t\t\t\t\t\t\t\t<\/div>\n\t\t\t\t<div class=\"elementor-element elementor-element-f5bc1b0 elementor-button-align-start elementor-widget elementor-widget-form\" data-id=\"f5bc1b0\" data-element_type=\"widget\" data-settings=\"{&quot;step_next_label&quot;:&quot;Siguiente&quot;,&quot;step_previous_label&quot;:&quot;Anterior&quot;,&quot;button_width&quot;:&quot;100&quot;,&quot;step_type&quot;:&quot;number_text&quot;,&quot;step_icon_shape&quot;:&quot;circle&quot;}\" data-widget_type=\"form.default\">\n\t\t\t\t\t\t\t<form class=\"elementor-form\" method=\"post\" name=\"Nuevo formulario\" aria-label=\"Nuevo formulario\">\n\t\t\t<input type=\"hidden\" name=\"post_id\" value=\"113\"\/>\n\t\t\t<input type=\"hidden\" name=\"form_id\" value=\"f5bc1b0\"\/>\n\t\t\t<input type=\"hidden\" name=\"referer_title\" value=\"Tebi Asesores\" \/>\n\n\t\t\t\n\t\t\t<div class=\"elementor-form-fields-wrapper elementor-labels-\">\n\t\t\t\t\t\t\t\t<div class=\"elementor-field-type-text elementor-field-group elementor-column elementor-field-group-name elementor-col-100\">\n\t\t\t\t\t\t\t\t\t\t\t\t<label for=\"form-field-name\" class=\"elementor-field-label elementor-screen-only\">\n\t\t\t\t\t\t\t\tNom\t\t\t\t\t\t\t<\/label>\n\t\t\t\t\t\t\t\t\t\t\t\t\t\t<input size=\"1\" type=\"text\" name=\"form_fields[name]\" id=\"form-field-name\" class=\"elementor-field elementor-size-sm  elementor-field-textual\" placeholder=\"Nom\">\n\t\t\t\t\t\t\t\t\t\t\t<\/div>\n\t\t\t\t\t\t\t\t<div class=\"elementor-field-type-email elementor-field-group elementor-column elementor-field-group-email elementor-col-100 elementor-field-required\">\n\t\t\t\t\t\t\t\t\t\t\t\t<label for=\"form-field-email\" class=\"elementor-field-label elementor-screen-only\">\n\t\t\t\t\t\t\t\tEmail\t\t\t\t\t\t\t<\/label>\n\t\t\t\t\t\t\t\t\t\t\t\t\t\t<input size=\"1\" type=\"email\" name=\"form_fields[email]\" id=\"form-field-email\" class=\"elementor-field elementor-size-sm  elementor-field-textual\" placeholder=\"Email\" required=\"required\">\n\t\t\t\t\t\t\t\t\t\t\t<\/div>\n\t\t\t\t\t\t\t\t<div class=\"elementor-field-type-textarea elementor-field-group elementor-column elementor-field-group-message elementor-col-100\">\n\t\t\t\t\t\t\t\t\t\t\t\t<label for=\"form-field-message\" class=\"elementor-field-label elementor-screen-only\">\n\t\t\t\t\t\t\t\tMissatge\t\t\t\t\t\t\t<\/label>\n\t\t\t\t\t\t<textarea class=\"elementor-field-textual elementor-field  elementor-size-sm\" name=\"form_fields[message]\" id=\"form-field-message\" rows=\"4\" placeholder=\"Missatge\"><\/textarea>\t\t\t\t<\/div>\n\t\t\t\t\t\t\t\t<div class=\"elementor-field-type-acceptance elementor-field-group elementor-column elementor-field-group-field_4fa9e5d elementor-col-100\">\n\t\t\t\t\t\t\t<div class=\"elementor-field-subgroup\">\n\t\t\t<span class=\"elementor-field-option\">\n\t\t\t\t<input type=\"checkbox\" name=\"form_fields[field_4fa9e5d]\" id=\"form-field-field_4fa9e5d\" class=\"elementor-field elementor-size-sm  elementor-acceptance-field\">\n\t\t\t\t<label for=\"form-field-field_4fa9e5d\">He llegit i accepto la <a href=\"https:\/\/www.tebiasesores.com\/politica-de-privacidad\/\" style=\"color:inherit;text-decoration:underline\" target=\"_blank\">pol\u00edtica de privadesa<\/a><\/label>\t\t\t<\/span>\n\t\t<\/div>\n\t\t\t\t\t\t<\/div>\n\t\t\t\t\t\t\t\t<div class=\"elementor-field-type-html elementor-field-group elementor-column elementor-field-group-field_4823090 elementor-col-100\">\n\t\t\t\t\t<div style=\"font-size:11px\">INFORMACI\u00d3 B\u00c0SICA SOBRE PROTECCI\u00d3 DE DADES<br>Responsable del tractament: TEBI Assessors. Finalitat del tractament: Contacte Comercial. Legitimaci\u00f3 del tractament: Consentiment de linteressat\/da. Conservaci\u00f3 de les dades: Es conservaran mentre hi hagi un inter\u00e8s mutu o durant el temps necessari per al compliment de les obligacions legals. Destinataris: Prestadors de servei o col\u00b7laboradors. Drets: Dret a retirar el consentiment en qualsevol moment. Dret dacc\u00e9s, rectificaci\u00f3, portabilitat i supressi\u00f3 de les dades i la limitaci\u00f3 o oposici\u00f3 al tractament. Dades de contacte per exercir els seus drets: info@tebiasesores.com Informaci\u00f3 addicional: Podeu consultar la informaci\u00f3 addicional a la nostra Pol\u00edtica de Privadesa.<\/div>\t\t\t\t<\/div>\n\t\t\t\t\t\t\t\t<div class=\"elementor-field-group elementor-column elementor-field-type-submit elementor-col-100 e-form__buttons\">\n\t\t\t\t\t<button class=\"elementor-button elementor-size-sm\" type=\"submit\">\n\t\t\t\t\t\t<span class=\"elementor-button-content-wrapper\">\n\t\t\t\t\t\t\t\t\t\t\t\t\t\t\t\t\t\t\t\t\t\t<span class=\"elementor-button-text\">Enviar<\/span>\n\t\t\t\t\t\t\t\t\t\t\t\t\t<\/span>\n\t\t\t\t\t<\/button>\n\t\t\t\t<\/div>\n\t\t\t<\/div>\n\t\t<\/form>\n\t\t\t\t\t\t<\/div>\n\t\t\t\t<\/div>\n\t\t<div class=\"elementor-element elementor-element-702d3e5 e-con-full e-flex e-con e-child\" data-id=\"702d3e5\" data-element_type=\"container\">\n\t\t\t\t<div class=\"elementor-element elementor-element-5e04e06 elementor-widget elementor-widget-image\" data-id=\"5e04e06\" data-element_type=\"widget\" data-widget_type=\"image.default\">\n\t\t\t\t\t\t\t\t\t\t\t\t\t\t\t<img fetchpriority=\"high\" decoding=\"async\" width=\"1000\" height=\"732\" src=\"https:\/\/www.tebiasesores.com\/wp-content\/uploads\/2025\/09\/img-contacto.png\" class=\"attachment-large size-large wp-image-112\" alt=\"\" srcset=\"https:\/\/www.tebiasesores.com\/wp-content\/uploads\/2025\/09\/img-contacto.png 1000w, https:\/\/www.tebiasesores.com\/wp-content\/uploads\/2025\/09\/img-contacto-768x562.png 768w\" sizes=\"(max-width: 1000px) 100vw, 1000px\" \/>\t\t\t\t\t\t\t\t\t\t\t\t\t\t\t<\/div>\n\t\t\t\t<\/div>\n\t\t\t\t\t<\/div>\n\t\t\t\t<\/div>\n\t\t\t\t<\/div>\n\t\t","protected":false},"excerpt":{"rendered":"<p>Contacte Estem a la vostra disposici\u00f3 per aclarir totes les vostres consultes.<\/p>\n","protected":false},"author":1,"featured_media":0,"parent":0,"menu_order":0,"comment_status":"closed","ping_status":"closed","template":"","meta":{"footnotes":""},"class_list":["post-113","page","type-page","status-publish","hentry"],"yoast_head":"<!-- This site is optimized with the Yoast SEO plugin v25.8 - https:\/\/yoast.com\/wordpress\/plugins\/seo\/ -->\n<title>Contacte - Tebi Asesores<\/title>\n<meta name=\"robots\" content=\"index, follow, max-snippet:-1, max-image-preview:large, max-video-preview:-1\" \/>\n<link rel=\"canonical\" href=\"https:\/\/www.tebiasesores.com\/ca\/contacte\/\" \/>\n<meta property=\"og:locale\" content=\"ca_ES\" \/>\n<meta property=\"og:type\" content=\"article\" \/>\n<meta property=\"og:title\" content=\"Contacte - Tebi Asesores\" \/>\n<meta property=\"og:description\" content=\"Contacte Estem a la vostra disposici\u00f3 per aclarir totes les vostres consultes.\" \/>\n<meta property=\"og:url\" content=\"https:\/\/www.tebiasesores.com\/ca\/contacte\/\" \/>\n<meta property=\"og:site_name\" content=\"Tebi Asesores\" \/>\n<meta property=\"article:modified_time\" content=\"2025-09-02T15:25:21+00:00\" \/>\n<meta property=\"og:image\" content=\"https:\/\/www.tebiasesores.com\/wp-content\/uploads\/2025\/09\/img-contacto.png\" \/>\n\t<meta property=\"og:image:width\" content=\"1000\" \/>\n\t<meta property=\"og:image:height\" content=\"732\" \/>\n\t<meta property=\"og:image:type\" content=\"image\/png\" \/>\n<meta name=\"twitter:card\" content=\"summary_large_image\" \/>\n<script type=\"application\/ld+json\" class=\"yoast-schema-graph\">{\"@context\":\"https:\/\/schema.org\",\"@graph\":[{\"@type\":\"WebPage\",\"@id\":\"https:\/\/www.tebiasesores.com\/ca\/contacte\/\",\"url\":\"https:\/\/www.tebiasesores.com\/ca\/contacte\/\",\"name\":\"Contacte - Tebi Asesores\",\"isPartOf\":{\"@id\":\"https:\/\/www.tebiasesores.com\/ca\/#website\"},\"primaryImageOfPage\":{\"@id\":\"https:\/\/www.tebiasesores.com\/ca\/contacte\/#primaryimage\"},\"image\":{\"@id\":\"https:\/\/www.tebiasesores.com\/ca\/contacte\/#primaryimage\"},\"thumbnailUrl\":\"https:\/\/www.tebiasesores.com\/wp-content\/uploads\/2025\/09\/img-contacto.png\",\"datePublished\":\"2025-08-29T04:51:06+00:00\",\"dateModified\":\"2025-09-02T15:25:21+00:00\",\"breadcrumb\":{\"@id\":\"https:\/\/www.tebiasesores.com\/ca\/contacte\/#breadcrumb\"},\"inLanguage\":\"ca\",\"potentialAction\":[{\"@type\":\"ReadAction\",\"target\":[\"https:\/\/www.tebiasesores.com\/ca\/contacte\/\"]}]},{\"@type\":\"ImageObject\",\"inLanguage\":\"ca\",\"@id\":\"https:\/\/www.tebiasesores.com\/ca\/contacte\/#primaryimage\",\"url\":\"https:\/\/www.tebiasesores.com\/wp-content\/uploads\/2025\/09\/img-contacto.png\",\"contentUrl\":\"https:\/\/www.tebiasesores.com\/wp-content\/uploads\/2025\/09\/img-contacto.png\"},{\"@type\":\"BreadcrumbList\",\"@id\":\"https:\/\/www.tebiasesores.com\/ca\/contacte\/#breadcrumb\",\"itemListElement\":[{\"@type\":\"ListItem\",\"position\":1,\"name\":\"Portada\",\"item\":\"https:\/\/www.tebiasesores.com\/ca\/\"},{\"@type\":\"ListItem\",\"position\":2,\"name\":\"Contacte\"}]},{\"@type\":\"WebSite\",\"@id\":\"https:\/\/www.tebiasesores.com\/ca\/#website\",\"url\":\"https:\/\/www.tebiasesores.com\/ca\/\",\"name\":\"Tebi Asesores\",\"description\":\"Contabilidad de costes y anal\u00edtica\",\"potentialAction\":[{\"@type\":\"SearchAction\",\"target\":{\"@type\":\"EntryPoint\",\"urlTemplate\":\"https:\/\/www.tebiasesores.com\/ca\/?s={search_term_string}\"},\"query-input\":{\"@type\":\"PropertyValueSpecification\",\"valueRequired\":true,\"valueName\":\"search_term_string\"}}],\"inLanguage\":\"ca\"}]}<\/script>\n<!-- \/ Yoast SEO plugin. -->","yoast_head_json":{"title":"Contacte - Tebi Asesores","robots":{"index":"index","follow":"follow","max-snippet":"max-snippet:-1","max-image-preview":"max-image-preview:large","max-video-preview":"max-video-preview:-1"},"canonical":"https:\/\/www.tebiasesores.com\/ca\/contacte\/","og_locale":"ca_ES","og_type":"article","og_title":"Contacte - Tebi Asesores","og_description":"Contacte Estem a la vostra disposici\u00f3 per aclarir totes les vostres consultes.","og_url":"https:\/\/www.tebiasesores.com\/ca\/contacte\/","og_site_name":"Tebi Asesores","article_modified_time":"2025-09-02T15:25:21+00:00","og_image":[{"width":1000,"height":732,"url":"https:\/\/www.tebiasesores.com\/wp-content\/uploads\/2025\/09\/img-contacto.png","type":"image\/png"}],"twitter_card":"summary_large_image","schema":{"@context":"https:\/\/schema.org","@graph":[{"@type":"WebPage","@id":"https:\/\/www.tebiasesores.com\/ca\/contacte\/","url":"https:\/\/www.tebiasesores.com\/ca\/contacte\/","name":"Contacte - Tebi Asesores","isPartOf":{"@id":"https:\/\/www.tebiasesores.com\/ca\/#website"},"primaryImageOfPage":{"@id":"https:\/\/www.tebiasesores.com\/ca\/contacte\/#primaryimage"},"image":{"@id":"https:\/\/www.tebiasesores.com\/ca\/contacte\/#primaryimage"},"thumbnailUrl":"https:\/\/www.tebiasesores.com\/wp-content\/uploads\/2025\/09\/img-contacto.png","datePublished":"2025-08-29T04:51:06+00:00","dateModified":"2025-09-02T15:25:21+00:00","breadcrumb":{"@id":"https:\/\/www.tebiasesores.com\/ca\/contacte\/#breadcrumb"},"inLanguage":"ca","potentialAction":[{"@type":"ReadAction","target":["https:\/\/www.tebiasesores.com\/ca\/contacte\/"]}]},{"@type":"ImageObject","inLanguage":"ca","@id":"https:\/\/www.tebiasesores.com\/ca\/contacte\/#primaryimage","url":"https:\/\/www.tebiasesores.com\/wp-content\/uploads\/2025\/09\/img-contacto.png","contentUrl":"https:\/\/www.tebiasesores.com\/wp-content\/uploads\/2025\/09\/img-contacto.png"},{"@type":"BreadcrumbList","@id":"https:\/\/www.tebiasesores.com\/ca\/contacte\/#breadcrumb","itemListElement":[{"@type":"ListItem","position":1,"name":"Portada","item":"https:\/\/www.tebiasesores.com\/ca\/"},{"@type":"ListItem","position":2,"name":"Contacte"}]},{"@type":"WebSite","@id":"https:\/\/www.tebiasesores.com\/ca\/#website","url":"https:\/\/www.tebiasesores.com\/ca\/","name":"Tebi Asesores","description":"Contabilidad de costes y anal\u00edtica","potentialAction":[{"@type":"SearchAction","target":{"@type":"EntryPoint","urlTemplate":"https:\/\/www.tebiasesores.com\/ca\/?s={search_term_string}"},"query-input":{"@type":"PropertyValueSpecification","valueRequired":true,"valueName":"search_term_string"}}],"inLanguage":"ca"}]}},"_links":{"self":[{"href":"https:\/\/www.tebiasesores.com\/ca\/wp-json\/wp\/v2\/pages\/113","targetHints":{"allow":["GET"]}}],"collection":[{"href":"https:\/\/www.tebiasesores.com\/ca\/wp-json\/wp\/v2\/pages"}],"about":[{"href":"https:\/\/www.tebiasesores.com\/ca\/wp-json\/wp\/v2\/types\/page"}],"author":[{"embeddable":true,"href":"https:\/\/www.tebiasesores.com\/ca\/wp-json\/wp\/v2\/users\/1"}],"replies":[{"embeddable":true,"href":"https:\/\/www.tebiasesores.com\/ca\/wp-json\/wp\/v2\/comments?post=113"}],"version-history":[{"count":4,"href":"https:\/\/www.tebiasesores.com\/ca\/wp-json\/wp\/v2\/pages\/113\/revisions"}],"predecessor-version":[{"id":136,"href":"https:\/\/www.tebiasesores.com\/ca\/wp-json\/wp\/v2\/pages\/113\/revisions\/136"}],"wp:attachment":[{"href":"https:\/\/www.tebiasesores.com\/ca\/wp-json\/wp\/v2\/media?parent=113"}],"curies":[{"name":"wp","href":"https:\/\/api.w.org\/{rel}","templated":true}]}}